{"id":2539,"date":"2023-11-05T22:57:18","date_gmt":"2023-11-05T22:57:18","guid":{"rendered":"https:\/\/lauketours.com\/registration-2\/"},"modified":"2025-10-15T17:45:17","modified_gmt":"2025-10-15T20:45:17","slug":"register","status":"publish","type":"page","link":"https:\/\/lauketours.com\/en\/register\/","title":{"rendered":"Register"},"content":{"rendered":"<div data-elementor-type=\"wp-page\" data-elementor-id=\"2539\" class=\"elementor elementor-2539\" data-elementor-post-type=\"page\">\n\t\t\t\t<div class=\"elementor-element elementor-element-e918a3a e-con-full e-flex e-con e-parent\" data-id=\"e918a3a\" data-element_type=\"container\" data-e-type=\"container\" data-settings=\"{&quot;jet_parallax_layout_list&quot;:[],&quot;background_background&quot;:&quot;classic&quot;}\">\n\t\t<div class=\"elementor-element elementor-element-4150ed9 e-con-full e-flex e-con e-child\" data-id=\"4150ed9\" data-element_type=\"container\" data-e-type=\"container\" data-settings=\"{&quot;jet_parallax_layout_list&quot;:[],&quot;background_background&quot;:&quot;classic&quot;}\">\n\t\t\t\t<div class=\"elementor-element elementor-element-d8a7d08 elementor-widget elementor-widget-image\" data-id=\"d8a7d08\" data-element_type=\"widget\" data-e-type=\"widget\" data-widget_type=\"image.default\">\n\t\t\t\t<div class=\"elementor-widget-container\">\n\t\t\t\t\t\t\t\t\t\t\t\t\t\t\t<img fetchpriority=\"high\" decoding=\"async\" width=\"1138\" height=\"892\" src=\"https:\/\/lauketours.com\/wp-content\/uploads\/2025\/10\/inicio-de-sesion-b2b.jpg\" class=\"attachment-full size-full wp-image-14836\" alt=\"\" srcset=\"https:\/\/lauketours.com\/wp-content\/uploads\/2025\/10\/inicio-de-sesion-b2b.jpg 1138w, https:\/\/lauketours.com\/wp-content\/uploads\/2025\/10\/inicio-de-sesion-b2b-300x235.jpg 300w, https:\/\/lauketours.com\/wp-content\/uploads\/2025\/10\/inicio-de-sesion-b2b-1024x803.jpg 1024w, https:\/\/lauketours.com\/wp-content\/uploads\/2025\/10\/inicio-de-sesion-b2b-768x602.jpg 768w, https:\/\/lauketours.com\/wp-content\/uploads\/2025\/10\/inicio-de-sesion-b2b-15x12.jpg 15w, https:\/\/lauketours.com\/wp-content\/uploads\/2025\/10\/inicio-de-sesion-b2b-360x282.jpg 360w\" sizes=\"(max-width: 1138px) 100vw, 1138px\" \/>\t\t\t\t\t\t\t\t\t\t\t\t\t\t\t<\/div>\n\t\t\t\t<\/div>\n\t\t\t\t<\/div>\n\t\t<div class=\"elementor-element elementor-element-8e336d3 e-con-full e-flex e-con e-child\" data-id=\"8e336d3\" data-element_type=\"container\" data-e-type=\"container\" data-settings=\"{&quot;jet_parallax_layout_list&quot;:[]}\">\n\t\t\t\t<div class=\"elementor-element elementor-element-a18da67 elementor-widget elementor-widget-theme-site-logo elementor-widget-image\" data-id=\"a18da67\" data-element_type=\"widget\" data-e-type=\"widget\" data-widget_type=\"theme-site-logo.default\">\n\t\t\t\t<div class=\"elementor-widget-container\">\n\t\t\t\t\t\t\t\t\t\t\t<a href=\"https:\/\/lauketours.com\/en\">\n\t\t\t<img decoding=\"async\" width=\"2029\" height=\"256\" src=\"https:\/\/lauketours.com\/wp-content\/uploads\/2023\/09\/Logo-Lauke-tours-negro-1.png\" class=\"attachment-full size-full wp-image-782\" alt=\"\" srcset=\"https:\/\/lauketours.com\/wp-content\/uploads\/2023\/09\/Logo-Lauke-tours-negro-1.png 2029w, https:\/\/lauketours.com\/wp-content\/uploads\/2023\/09\/Logo-Lauke-tours-negro-1-300x38.png 300w, https:\/\/lauketours.com\/wp-content\/uploads\/2023\/09\/Logo-Lauke-tours-negro-1-1024x129.png 1024w, https:\/\/lauketours.com\/wp-content\/uploads\/2023\/09\/Logo-Lauke-tours-negro-1-768x97.png 768w, https:\/\/lauketours.com\/wp-content\/uploads\/2023\/09\/Logo-Lauke-tours-negro-1-1536x194.png 1536w\" sizes=\"(max-width: 2029px) 100vw, 2029px\" \/>\t\t\t\t<\/a>\n\t\t\t\t\t\t\t\t\t\t\t<\/div>\n\t\t\t\t<\/div>\n\t\t\t\t<div class=\"elementor-element elementor-element-fea813f elementor-widget elementor-widget-heading\" data-id=\"fea813f\" data-element_type=\"widget\" data-e-type=\"widget\" data-widget_type=\"heading.default\">\n\t\t\t\t<div class=\"elementor-widget-container\">\n\t\t\t\t\t<h2 class=\"elementor-heading-title elementor-size-default\">Create your user<\/h2>\t\t\t\t<\/div>\n\t\t\t\t<\/div>\n\t\t\t\t<div class=\"elementor-element elementor-element-7c5f9bc elementor-widget__width-initial elementor-widget elementor-widget-text-editor\" data-id=\"7c5f9bc\" data-element_type=\"widget\" data-e-type=\"widget\" data-widget_type=\"text-editor.default\">\n\t\t\t\t<div class=\"elementor-widget-container\">\n\t\t\t\t\t\t\t\t\t<p>Once you complete the data, our team will review your application, when we activate your account, you will receive an email notification with your password.<\/p>\t\t\t\t\t\t\t\t<\/div>\n\t\t\t\t<\/div>\n\t\t\t\t<div class=\"elementor-element elementor-element-c436c92 register-form elementor-widget__width-inherit elementor-widget elementor-widget-shortcode\" data-id=\"c436c92\" data-element_type=\"widget\" data-e-type=\"widget\" data-widget_type=\"shortcode.default\">\n\t\t\t\t<div class=\"elementor-widget-container\">\n\t\t\t\t\t\t\t<div class=\"elementor-shortcode\">\t<div class='user-registration ur-frontend-form  ur-frontend-form--rounded ur-frontend-form--rounded-edge Formulario' id='user-registration-form-2538'>\n\t\t\t\t\t\t\t\t<form method='post' class='register' data-form-id=\"2538\"\n\t\t\t\tdata-enable-strength-password=\"\" data-minimum-password-strength=\"3\"\n\t\t\t\t\t\t\t\t\t\t\t\t\t\t\t data-captcha-enabled=\"1\" action=\"\">\n\n\t\t\t\t<div class=\"ur-form-row\" data-row-id=\"0\">\t\t\t\t\t\t<div class=\"ur-form-grid ur-grid-1\"\n\t\t\t\t\t\t\tstyle=\"width:99%\">\n\t\t\t\t\t\t\t\t\t\t\t\t\t\t<div  data-field-id=\"Empresa\" class=\"ur-field-item field-text\" data-ref-id=\"Empresa\" data-field-pattern-enabled=\"0\" data-field-pattern-value=\" \" data-field-pattern-message=\" \">\n\t\t\t\t\t\t\t\t\t<div class=\"form-row validate-required\" id=\"Empresa_field\" data-priority=\"\" ><label for=\"Empresa\" class=\"ur-label\">Company name <abbr class=\"required\" title=\"required\">*<\/abbr><\/label> <span class=\"input-wrapper\"> <input  data-rules=\"\" data-id=\"Empresa\" type=\"text\" class=\"input-text   input-text ur-frontend-field\" name=\"Empresa\" id=\"Empresa\" placeholder=\"Enter the company name\"  value=\"\" required=\"required\" data-label=\"Nombre de la empresa\" maxlength=\"50\" \/> <\/span> <\/div>\t\t\t\t\t\t\t\t<\/div>\n\t\t\t\t\t\t\t\t\t\t\t\t\t\t\t\t<div  data-field-id=\"input_box_1699225557\" class=\"ur-field-item field-text\" data-ref-id=\"input_box_1699225557\" data-field-pattern-enabled=\"0\" data-field-pattern-value=\" \" data-field-pattern-message=\" \">\n\t\t\t\t\t\t\t\t\t<div class=\"form-row\" id=\"input_box_1699225557_field\" data-priority=\"\" ><label for=\"input_box_1699225557\" class=\"ur-label\">Website or social network<\/label> <span class=\"input-wrapper\"> <input  data-rules=\"\" data-id=\"input_box_1699225557\" type=\"text\" class=\"input-text   input-text ur-frontend-field\" name=\"input_box_1699225557\" id=\"input_box_1699225557\" placeholder=\"Enter the company&#039;s website or social network\"  value=\"\" data-label=\"Sitio web o red social\" maxlength=\"50\" \/> <\/span> <\/div>\t\t\t\t\t\t\t\t<\/div>\n\t\t\t\t\t\t\t\t\t\t\t\t\t\t\t\t<div  data-field-id=\"user_login\" class=\"ur-field-item field-user_login\" data-ref-id=\"user_login\" data-field-pattern-enabled=\"0\" data-field-pattern-value=\" \" data-field-pattern-message=\" \">\n\t\t\t\t\t\t\t\t\t<div class=\"form-row validate-required\" id=\"user_login_field\" data-priority=\"\" ><label for=\"user_login\" class=\"ur-label\">First and last name <abbr class=\"required\" title=\"required\">*<\/abbr><\/label> <span class=\"input-wrapper\"> <input  data-rules=\"\" data-id=\"user_login\" type=\"text\" class=\"input-text   input-text ur-frontend-field\" name=\"user_login\" id=\"user_login\" placeholder=\"Enter your first and last name\"  value=\"\" required=\"required\" data-label=\"Nombre y apellido\" data-username-character=\"1\"\/> <\/span> <\/div>\t\t\t\t\t\t\t\t<\/div>\n\t\t\t\t\t\t\t\t\t\t\t\t\t\t\t\t<div  data-field-id=\"user_email\" class=\"ur-field-item field-user_email\" data-ref-id=\"user_email\" data-field-pattern-enabled=\"0\" data-field-pattern-value=\" \" data-field-pattern-message=\" \">\n\t\t\t\t\t\t\t\t\t<div class=\"form-row validate-required\" id=\"user_email_field\" data-priority=\"\" ><label for=\"user_email\" class=\"ur-label\">E-mail address <abbr class=\"required\" title=\"required\">*<\/abbr><\/label> <span class=\"input-wrapper\"> <input  data-rules=\"\" data-id=\"user_email\" type=\"email\" class=\"input-text   input-email ur-frontend-field\" name=\"user_email\" id=\"user_email\" placeholder=\"Enter your email address\"  value=\"\" required=\"required\" data-label=\"Correo electronico\" \/> <\/span> <\/div>\t\t\t\t\t\t\t\t<\/div>\n\t\t\t\t\t\t\t\t\t\t\t\t\t\t\t\t<div  data-field-id=\"number_box_1699767744\" class=\"ur-field-item field-number\" data-ref-id=\"number_box_1699767744\" data-field-pattern-enabled=\"0\" data-field-pattern-value=\" \" data-field-pattern-message=\" \">\n\t\t\t\t\t\t\t\t\t<div class=\"form-row\" id=\"number_box_1699767744_field\" data-priority=\"\" ><label for=\"number_box_1699767744\" class=\"ur-label\">Contact phone number<\/label> <span class=\"input-wrapper\"> <input  data-rules=\"\" data-id=\"number_box_1699767744\" type=\"number\" class=\"input-text   input-number ur-frontend-field\" name=\"number_box_1699767744\" id=\"number_box_1699767744\" placeholder=\"Enter your phone number\"  value=\"\" data-label=\"Telefono de contacto\" step=\"1\" \/> <\/span> <\/div>\t\t\t\t\t\t\t\t<\/div>\n\t\t\t\t\t\t\t\t\t\t\t\t\t\t\t\t<div  data-field-id=\"user_pass\" class=\"ur-field-item field-user_pass\" data-ref-id=\"user_pass\" data-field-pattern-enabled=\"0\" data-field-pattern-value=\" \" data-field-pattern-message=\" \">\n\t\t\t\t\t\t\t\t\t<div class=\"form-row validate-required hide_show_password\" id=\"user_pass_field\" data-priority=\"\"><label for=\"user_pass\" class=\"ur-label\">Password <abbr class=\"required\" title=\"required\">*<\/abbr><\/label> <span class=\"input-wrapper\"> <span class=\"password-input-group input-form-field-icons\"><input data-rules=\"\" data-id=\"user_pass\" type=\"password\" class=\"input-text  input-password ur-frontend-field\" name=\"user_pass\" id=\"user_pass\" placeholder=\"\"  value=\"\" required=\"required\" data-label=\"Contrase\u00f1a\" \/><a href=\"javaScript:void(0)\" class=\"password_preview dashicons dashicons-hidden\" title=\" Show password \"><\/a><\/span> <\/span> <\/div>\t\t\t\t\t\t\t\t<\/div>\n\t\t\t\t\t\t\t\t\t\t\t\t\t\t\t\t<div  data-field-id=\"user_confirm_password\" class=\"ur-field-item field-user_confirm_password\" data-ref-id=\"user_confirm_password\" data-field-pattern-enabled=\"0\" data-field-pattern-value=\" \" data-field-pattern-message=\" \">\n\t\t\t\t\t\t\t\t\t<div class=\"form-row validate-required hide_show_password\" id=\"user_confirm_password_field\" data-priority=\"\"><label for=\"user_confirm_password\" class=\"ur-label\">Confirm Password <abbr class=\"required\" title=\"required\">*<\/abbr><\/label> <span class=\"input-wrapper\"> <span class=\"password-input-group input-form-field-icons\"><input data-rules=\"\" data-id=\"user_confirm_password\" type=\"password\" class=\"input-text  input-password ur-frontend-field\" name=\"user_confirm_password\" id=\"user_confirm_password\" placeholder=\"\"  value=\"\" required=\"required\" data-label=\"Confirmar Contrase\u00f1a\" \/><a href=\"javaScript:void(0)\" class=\"password_preview dashicons dashicons-hidden\" title=\" Show password \"><\/a><\/span> <\/span> <\/div>\t\t\t\t\t\t\t\t<\/div>\n\t\t\t\t\t\t\t\t\t\t\t\t\t\t<\/div>\n\t\t\t\t\t\t\t\t\t\t\t<\/div>\n\t\t\t\t\t\t\t\t\t\t\t<div id=\"ur-recaptcha-node\"> <div id=\"node_recaptcha_register\" class=\"g-recaptcha-v3\" style=\"display:none\"><textarea id=\"g-recaptcha-response\" name=\"g-recaptcha-response\" ><\/textarea><\/div><\/div>\t\t\t\t\t\t<div class=\"ur-button-container\" >\n\t\t\t\t\t\t\t\t\t\t\t\t\t\t<button type=\"submit\" class=\"btn button ur-submit-button login\"  conditional_rules=\"&quot;&quot;\">\n\t\t\t\t\t\t\t\t<span><\/span>\n\t\t\t\t\t\t\t\tCreate my account now\t\t\t\t\t\t\t<\/button>\n\t\t\t\t\t\t\t\t\t\t\t\t\t\t\t\t\t\t\t\t<\/div>\n\t\t\t\t\t\t\n\t\t\t\t<div style=\"clear:both\"><\/div>\n\t\t\t\t\t\t\t\t<input type=\"hidden\" name=\"ur-registration-language\" value=\"en-US\"\/>\n\t\t\t\t<input type=\"hidden\" name=\"ur-user-form-id\" value=\"2538\"\/>\n\t\t\t\t<input type=\"hidden\" name=\"ur-redirect-url\" value=\"https:\/\/lauketours.com\/en\"\/>\n\t\t\t\t<input type=\"hidden\" id=\"ur_frontend_form_nonce\" name=\"ur_frontend_form_nonce\" value=\"cb9c7d2d2e\" \/>\n\t\t\t\t\t\t\t<input type=\"hidden\" name=\"trp-form-language\" value=\"en\"\/><\/form>\n\t\t\t\n\t\t<div style=\"clear:both\"><\/div>\n\t<\/div>\n<\/div>\n\t\t\t\t\t\t<\/div>\n\t\t\t\t<\/div>\n\t\t\t\t<\/div>\n\t\t\t\t<\/div>\n\t\t\t\t<\/div>","protected":false},"excerpt":{"rendered":"<p>Create your user Once you complete the data, our team will review your application, when we activate your account, you will receive an email with your password.<\/p>","protected":false},"author":17,"featured_media":0,"parent":0,"menu_order":0,"comment_status":"closed","ping_status":"closed","template":"elementor_header_footer","meta":{"footnotes":""},"class_list":["post-2539","page","type-page","status-publish","hentry"],"yoast_head":"<!-- This site is optimized with the Yoast SEO plugin v26.8 - https:\/\/yoast.com\/product\/yoast-seo-wordpress\/ -->\n<title>Registrarme - Lauketours<\/title>\n<meta name=\"robots\" content=\"noindex, follow, max-snippet:-1, max-image-preview:large, max-video-preview:-1\" \/>\n<meta property=\"og:locale\" content=\"en_US\" \/>\n<meta property=\"og:type\" content=\"article\" \/>\n<meta property=\"og:title\" content=\"Registrarme - Lauketours\" \/>\n<meta property=\"og:description\" content=\"Crea tu usuario Una vez que completes los datos, nuestro equipo revisar\u00e1 tu solicitud, cuando activemos tu cuenta, te llegar\u00e1 un aviso por correo con tu contrase\u00f1a.\" \/>\n<meta property=\"og:url\" content=\"https:\/\/lauketours.com\/en\/register\/\" \/>\n<meta property=\"og:site_name\" content=\"Lauketours\" \/>\n<meta property=\"article:publisher\" content=\"https:\/\/www.facebook.com\/people\/Lauke-Mendoza-Tours\/100083604391080\/\" \/>\n<meta property=\"article:modified_time\" content=\"2025-10-15T20:45:17+00:00\" \/>\n<meta property=\"og:image\" content=\"https:\/\/lauketours.com\/wp-content\/uploads\/2025\/10\/inicio-de-sesion-b2b.jpg\" \/>\n\t<meta property=\"og:image:width\" content=\"1138\" \/>\n\t<meta property=\"og:image:height\" content=\"892\" \/>\n\t<meta property=\"og:image:type\" content=\"image\/jpeg\" \/>\n<meta name=\"twitter:card\" content=\"summary_large_image\" \/>\n<script type=\"application\/ld+json\" class=\"yoast-schema-graph\">{\"@context\":\"https:\/\/schema.org\",\"@graph\":[{\"@type\":\"WebPage\",\"@id\":\"https:\/\/lauketours.com\/registrarme\/\",\"url\":\"https:\/\/lauketours.com\/registrarme\/\",\"name\":\"Registrarme - Lauketours\",\"isPartOf\":{\"@id\":\"https:\/\/lauketours.com\/#website\"},\"primaryImageOfPage\":{\"@id\":\"https:\/\/lauketours.com\/registrarme\/#primaryimage\"},\"image\":{\"@id\":\"https:\/\/lauketours.com\/registrarme\/#primaryimage\"},\"thumbnailUrl\":\"https:\/\/lauketours.com\/wp-content\/uploads\/2025\/10\/inicio-de-sesion-b2b.jpg\",\"datePublished\":\"2023-11-05T22:57:18+00:00\",\"dateModified\":\"2025-10-15T20:45:17+00:00\",\"breadcrumb\":{\"@id\":\"https:\/\/lauketours.com\/registrarme\/#breadcrumb\"},\"inLanguage\":\"en-US\",\"potentialAction\":[{\"@type\":\"ReadAction\",\"target\":[\"https:\/\/lauketours.com\/registrarme\/\"]}]},{\"@type\":\"ImageObject\",\"inLanguage\":\"en-US\",\"@id\":\"https:\/\/lauketours.com\/registrarme\/#primaryimage\",\"url\":\"https:\/\/lauketours.com\/wp-content\/uploads\/2025\/10\/inicio-de-sesion-b2b.jpg\",\"contentUrl\":\"https:\/\/lauketours.com\/wp-content\/uploads\/2025\/10\/inicio-de-sesion-b2b.jpg\"},{\"@type\":\"BreadcrumbList\",\"@id\":\"https:\/\/lauketours.com\/registrarme\/#breadcrumb\",\"itemListElement\":[{\"@type\":\"ListItem\",\"position\":1,\"name\":\"Home\",\"item\":\"https:\/\/lauketours.com\/\"},{\"@type\":\"ListItem\",\"position\":2,\"name\":\"Registrarme\"}]},{\"@type\":\"WebSite\",\"@id\":\"https:\/\/lauketours.com\/#website\",\"url\":\"https:\/\/lauketours.com\/\",\"name\":\"Lauketours | Tours y actividades\",\"description\":\"Las mejores experiencias en Mendoza para tus pasajeros.\",\"publisher\":{\"@id\":\"https:\/\/lauketours.com\/#organization\"},\"potentialAction\":[{\"@type\":\"SearchAction\",\"target\":{\"@type\":\"EntryPoint\",\"urlTemplate\":\"https:\/\/lauketours.com\/?s={search_term_string}\"},\"query-input\":{\"@type\":\"PropertyValueSpecification\",\"valueRequired\":true,\"valueName\":\"search_term_string\"}}],\"inLanguage\":\"en-US\"},{\"@type\":\"Organization\",\"@id\":\"https:\/\/lauketours.com\/#organization\",\"name\":\"Lauketours | Tours y actividades\",\"url\":\"https:\/\/lauketours.com\/\",\"logo\":{\"@type\":\"ImageObject\",\"inLanguage\":\"en-US\",\"@id\":\"https:\/\/lauketours.com\/#\/schema\/logo\/image\/\",\"url\":\"https:\/\/lauketours.com\/wp-content\/uploads\/2023\/09\/Logo-Lauke-tours-negro-1.png\",\"contentUrl\":\"https:\/\/lauketours.com\/wp-content\/uploads\/2023\/09\/Logo-Lauke-tours-negro-1.png\",\"width\":2029,\"height\":256,\"caption\":\"Lauketours | Tours y actividades\"},\"image\":{\"@id\":\"https:\/\/lauketours.com\/#\/schema\/logo\/image\/\"},\"sameAs\":[\"https:\/\/www.facebook.com\/people\/Lauke-Mendoza-Tours\/100083604391080\/\",\"https:\/\/www.instagram.com\/laukemendozatours\/\"]}]}<\/script>\n<!-- \/ Yoast SEO plugin. -->","yoast_head_json":{"title":"Register - Lauketours","robots":{"index":"noindex","follow":"follow","max-snippet":"max-snippet:-1","max-image-preview":"max-image-preview:large","max-video-preview":"max-video-preview:-1"},"og_locale":"en_US","og_type":"article","og_title":"Registrarme - Lauketours","og_description":"Crea tu usuario Una vez que completes los datos, nuestro equipo revisar\u00e1 tu solicitud, cuando activemos tu cuenta, te llegar\u00e1 un aviso por correo con tu contrase\u00f1a.","og_url":"https:\/\/lauketours.com\/en\/register\/","og_site_name":"Lauketours","article_publisher":"https:\/\/www.facebook.com\/people\/Lauke-Mendoza-Tours\/100083604391080\/","article_modified_time":"2025-10-15T20:45:17+00:00","og_image":[{"width":1138,"height":892,"url":"https:\/\/lauketours.com\/wp-content\/uploads\/2025\/10\/inicio-de-sesion-b2b.jpg","type":"image\/jpeg"}],"twitter_card":"summary_large_image","schema":{"@context":"https:\/\/schema.org","@graph":[{"@type":"WebPage","@id":"https:\/\/lauketours.com\/registrarme\/","url":"https:\/\/lauketours.com\/registrarme\/","name":"Register - Lauketours","isPartOf":{"@id":"https:\/\/lauketours.com\/#website"},"primaryImageOfPage":{"@id":"https:\/\/lauketours.com\/registrarme\/#primaryimage"},"image":{"@id":"https:\/\/lauketours.com\/registrarme\/#primaryimage"},"thumbnailUrl":"https:\/\/lauketours.com\/wp-content\/uploads\/2025\/10\/inicio-de-sesion-b2b.jpg","datePublished":"2023-11-05T22:57:18+00:00","dateModified":"2025-10-15T20:45:17+00:00","breadcrumb":{"@id":"https:\/\/lauketours.com\/registrarme\/#breadcrumb"},"inLanguage":"en-US","potentialAction":[{"@type":"ReadAction","target":["https:\/\/lauketours.com\/registrarme\/"]}]},{"@type":"ImageObject","inLanguage":"en-US","@id":"https:\/\/lauketours.com\/registrarme\/#primaryimage","url":"https:\/\/lauketours.com\/wp-content\/uploads\/2025\/10\/inicio-de-sesion-b2b.jpg","contentUrl":"https:\/\/lauketours.com\/wp-content\/uploads\/2025\/10\/inicio-de-sesion-b2b.jpg"},{"@type":"BreadcrumbList","@id":"https:\/\/lauketours.com\/registrarme\/#breadcrumb","itemListElement":[{"@type":"ListItem","position":1,"name":"Home","item":"https:\/\/lauketours.com\/"},{"@type":"ListItem","position":2,"name":"Registrarme"}]},{"@type":"WebSite","@id":"https:\/\/lauketours.com\/#website","url":"https:\/\/lauketours.com\/","name":"Lauketours | Tours and Activities","description":"The best experiences in Mendoza for your passengers.","publisher":{"@id":"https:\/\/lauketours.com\/#organization"},"potentialAction":[{"@type":"SearchAction","target":{"@type":"EntryPoint","urlTemplate":"https:\/\/lauketours.com\/?s={search_term_string}"},"query-input":{"@type":"PropertyValueSpecification","valueRequired":true,"valueName":"search_term_string"}}],"inLanguage":"en-US"},{"@type":"Organization","@id":"https:\/\/lauketours.com\/#organization","name":"Lauketours | Tours and Activities","url":"https:\/\/lauketours.com\/","logo":{"@type":"ImageObject","inLanguage":"en-US","@id":"https:\/\/lauketours.com\/#\/schema\/logo\/image\/","url":"https:\/\/lauketours.com\/wp-content\/uploads\/2023\/09\/Logo-Lauke-tours-negro-1.png","contentUrl":"https:\/\/lauketours.com\/wp-content\/uploads\/2023\/09\/Logo-Lauke-tours-negro-1.png","width":2029,"height":256,"caption":"Lauketours | Tours y actividades"},"image":{"@id":"https:\/\/lauketours.com\/#\/schema\/logo\/image\/"},"sameAs":["https:\/\/www.facebook.com\/people\/Lauke-Mendoza-Tours\/100083604391080\/","https:\/\/www.instagram.com\/laukemendozatours\/"]}]}},"_links":{"self":[{"href":"https:\/\/lauketours.com\/en\/wp-json\/wp\/v2\/pages\/2539","targetHints":{"allow":["GET"]}}],"collection":[{"href":"https:\/\/lauketours.com\/en\/wp-json\/wp\/v2\/pages"}],"about":[{"href":"https:\/\/lauketours.com\/en\/wp-json\/wp\/v2\/types\/page"}],"author":[{"embeddable":true,"href":"https:\/\/lauketours.com\/en\/wp-json\/wp\/v2\/users\/17"}],"replies":[{"embeddable":true,"href":"https:\/\/lauketours.com\/en\/wp-json\/wp\/v2\/comments?post=2539"}],"version-history":[{"count":0,"href":"https:\/\/lauketours.com\/en\/wp-json\/wp\/v2\/pages\/2539\/revisions"}],"wp:attachment":[{"href":"https:\/\/lauketours.com\/en\/wp-json\/wp\/v2\/media?parent=2539"}],"curies":[{"name":"wp","href":"https:\/\/api.w.org\/{rel}","templated":true}]}}